{"id":7,"date":"2017-03-23T00:00:50","date_gmt":"2017-03-23T00:00:50","guid":{"rendered":"http:\/\/moscoso.desarrollamos.co\/?page_id=7"},"modified":"2017-05-03T14:02:44","modified_gmt":"2017-05-03T14:02:44","slug":"servicios","status":"publish","type":"page","link":"https:\/\/www.moscoso.cl\/index.php\/servicios\/","title":{"rendered":"<b>SERVICIOS<\/b>"},"content":{"rendered":"<div id=\"pl-7\"  class=\"panel-layout\" >\n<div id=\"pg-7-0\"  class=\"panel-grid panel-no-style\" >\n<div id=\"pgc-7-0-0\"  class=\"panel-grid-cell\"  data-weight=\"1\" >\n<div id=\"panel-7-0-0-0\" class=\"so-panel widget widget_sow-editor panel-first-child panel-last-child\" data-index=\"0\" data-style=\"{&quot;background_display&quot;:&quot;tile&quot;}\" >\n<div class=\"so-widget-sow-editor so-widget-sow-editor-base\">\n<div class=\"siteorigin-widget-tinymce textwidget\">\n<p style=\"text-align: justify;\"><span style=\"font-size: 21px;\">La modalidad de prestaci\u00f3n de nuestros servicios es personalizada a cada cliente. Ello implica que a cada cliente le es asignado a un profesional, el que participa personalmente en la supervisi\u00f3n del trabajo, emisi\u00f3n de informes y resoluci\u00f3n de problemas especiales, con la supervisi\u00f3n de directa de un socio a cargo.<\/span><\/p>\n<h3 style=\"text-align: justify;\">\u00a0<\/h3>\n<\/div>\n<\/div>\n<\/div>\n<\/div>\n<\/div>\n<div id=\"pg-7-1\"  class=\"panel-grid panel-no-style\"  data-style=\"{&quot;background_display&quot;:&quot;tile&quot;}\" >\n<div id=\"pgc-7-1-0\"  class=\"panel-grid-cell\"  data-weight=\"0.333333333333\" >\n<div id=\"panel-7-1-0-0\" class=\"so-panel widget widget_accesspress_icon_text panel-first-child panel-last-child\" data-index=\"1\" data-style=\"{&quot;background_display&quot;:&quot;tile&quot;}\" ><\/div>\n<\/div>\n<div id=\"pgc-7-1-1\"  class=\"panel-grid-cell\"  data-weight=\"0.333333333333\" >\n<div id=\"panel-7-1-1-0\" class=\"so-panel widget widget_accesspress_icon_text panel-first-child panel-last-child\" data-index=\"2\" data-style=\"{&quot;background_display&quot;:&quot;tile&quot;}\" ><\/div>\n<\/div>\n<div id=\"pgc-7-1-2\"  class=\"panel-grid-cell\"  data-weight=\"0.333333333333\" >\n<div id=\"panel-7-1-2-0\" class=\"so-panel widget widget_accesspress_icon_text panel-first-child panel-last-child\" data-index=\"3\" data-style=\"{&quot;background_display&quot;:&quot;tile&quot;}\" ><\/div>\n<\/div>\n<\/div>\n<div id=\"pg-7-2\"  class=\"panel-grid panel-no-style\"  data-style=\"{&quot;background_display&quot;:&quot;tile&quot;}\" >\n<div id=\"pgc-7-2-0\"  class=\"panel-grid-cell\"  data-weight=\"0.333333333333\" >\n<div id=\"panel-7-2-0-0\" class=\"so-panel widget widget_accesspress_icon_text panel-first-child panel-last-child\" data-index=\"4\" data-style=\"{&quot;background_display&quot;:&quot;tile&quot;}\" ><\/div>\n<\/div>\n<div id=\"pgc-7-2-1\"  class=\"panel-grid-cell\"  data-weight=\"0.333333333333\" >\n<div id=\"panel-7-2-1-0\" class=\"so-panel widget widget_accesspress_icon_text panel-first-child panel-last-child\" data-index=\"5\" data-style=\"{&quot;background_display&quot;:&quot;tile&quot;}\" ><\/div>\n<\/div>\n<div id=\"pgc-7-2-2\"  class=\"panel-grid-cell\"  data-weight=\"0.333333333333\" >\n<div id=\"panel-7-2-2-0\" class=\"so-panel widget widget_accesspress_icon_text panel-first-child panel-last-child\" data-index=\"6\" data-style=\"{&quot;background_display&quot;:&quot;tile&quot;}\" ><\/div>\n<\/div>\n<\/div>\n<div id=\"pg-7-3\"  class=\"panel-grid panel-no-style\"  data-style=\"{&quot;background_display&quot;:&quot;tile&quot;}\" >\n<div id=\"pgc-7-3-0\"  class=\"panel-grid-cell panel-grid-cell-empty\"  data-weight=\"0.333333333333\" ><\/div>\n<div id=\"pgc-7-3-1\"  class=\"panel-grid-cell panel-grid-cell-mobile-last\"  data-weight=\"0.333333333333\" >\n<div id=\"panel-7-3-1-0\" class=\"so-panel widget widget_accesspress_icon_text panel-first-child panel-last-child\" data-index=\"7\" data-style=\"{&quot;background_image_attachment&quot;:false,&quot;background_display&quot;:&quot;tile&quot;}\" ><\/div>\n<\/div>\n<div id=\"pgc-7-3-2\"  class=\"panel-grid-cell panel-grid-cell-empty\"  data-weight=\"0.333333333333\" ><\/div>\n<\/div>\n<\/div>\n","protected":false},"excerpt":{"rendered":"<p>La modalidad de prestaci\u00f3n de nuestros servicios es personalizada a cada cliente. Ello implica que a cada cliente le es asignado a un profesional, el que participa personalmente en la supervisi\u00f3n del trabajo, emisi\u00f3n de informes y resoluci\u00f3n de problemas especiales, con la supervisi\u00f3n de directa de un socio a cargo. \u00a0<\/p>\n","protected":false},"author":1997,"featured_media":0,"parent":0,"menu_order":0,"comment_status":"closed","ping_status":"closed","template":"","meta":{"footnotes":""},"_links":{"self":[{"href":"https:\/\/www.moscoso.cl\/index.php\/wp-json\/wp\/v2\/pages\/7"}],"collection":[{"href":"https:\/\/www.moscoso.cl\/index.php\/wp-json\/wp\/v2\/pages"}],"about":[{"href":"https:\/\/www.moscoso.cl\/index.php\/wp-json\/wp\/v2\/types\/page"}],"author":[{"embeddable":true,"href":"https:\/\/www.moscoso.cl\/index.php\/wp-json\/wp\/v2\/users\/1997"}],"replies":[{"embeddable":true,"href":"https:\/\/www.moscoso.cl\/index.php\/wp-json\/wp\/v2\/comments?post=7"}],"version-history":[{"count":36,"href":"https:\/\/www.moscoso.cl\/index.php\/wp-json\/wp\/v2\/pages\/7\/revisions"}],"predecessor-version":[{"id":367,"href":"https:\/\/www.moscoso.cl\/index.php\/wp-json\/wp\/v2\/pages\/7\/revisions\/367"}],"wp:attachment":[{"href":"https:\/\/www.moscoso.cl\/index.php\/wp-json\/wp\/v2\/media?parent=7"}],"curies":[{"name":"wp","href":"https:\/\/api.w.org\/{rel}","templated":true}]}}