{"id":83,"date":"2017-03-23T03:55:02","date_gmt":"2017-03-23T03:55:02","guid":{"rendered":"http:\/\/moscoso.desarrollamos.co\/?page_id=83"},"modified":"2017-04-27T16:29:25","modified_gmt":"2017-04-27T16:29:25","slug":"auditoria","status":"publish","type":"page","link":"https:\/\/www.moscoso.cl\/index.php\/auditoria\/","title":{"rendered":"<b>AUDITORIA<\/b>"},"content":{"rendered":"<div id=\"pl-83\"  class=\"panel-layout\" >\n<div id=\"pg-83-0\"  class=\"panel-grid panel-no-style\"  data-style=\"{&quot;background_display&quot;:&quot;tile&quot;,&quot;cell_alignment&quot;:&quot;flex-start&quot;}\" >\n<div id=\"pgc-83-0-0\"  class=\"panel-grid-cell\"  data-weight=\"0.5\" >\n<div id=\"panel-83-0-0-0\" class=\"so-panel widget widget_sow-editor panel-first-child panel-last-child\" data-index=\"0\" data-style=\"{&quot;background_display&quot;:&quot;tile&quot;}\" >\n<div class=\"so-widget-sow-editor so-widget-sow-editor-base\">\n<div class=\"siteorigin-widget-tinymce textwidget\">\n<p style=\"text-align: justify;\"><span style=\"font-size: 21px;\">Contamos con una amplia experiencia, profesionales especializados y con avanzadas t\u00e9cnicas de auditor\u00eda, que nos permiten proporcionar un servicio de calidad para satisfacer las necesidades de nuestros clientes.<\/span><\/p>\n<p style=\"text-align: justify;\"><span style=\"color: #225084;\"><strong><span style=\"font-size: 18px;\">Prestamos distintos servicios, entre los cuales se encuentran:<\/span><\/strong><\/span><\/p>\n<ul style=\"text-align: justify;\">\n<li>Auditor\u00edas Estados Financieros.<\/li>\n<li>Auditoria Operacional.<\/li>\n<li>Due diligence.<\/li>\n<li>Auditor\u00edas de fraudes.<\/li>\n<li>Auditor\u00edas de asuntos previamente convenidos.<\/li>\n<\/ul>\n<p style=\"text-align: justify;\">\n Nuestro servicio profesional de auditor\u00eda financiera, est\u00e1 orientado a efectuar un an\u00e1lisis razonado de los estados financieros de las compa\u00f1\u00edas. De esta manera, se logra certificar que est\u00e9n confeccionados de acuerdo a principios contables generalmente aceptados, que reflejen satisfactoriamente la situaci\u00f3n financiera de las empresas y que entreguen a los due\u00f1os y directivos una opini\u00f3n externa de la situaci\u00f3n financiera en que se encuentra su compa\u00f1\u00eda.<\/p>\n<\/div>\n<\/div>\n<\/div>\n<\/div>\n<div id=\"pgc-83-0-1\"  class=\"panel-grid-cell\"  data-weight=\"0.5\" >\n<div id=\"panel-83-0-1-0\" class=\"so-panel widget widget_sow-image panel-first-child panel-last-child\" data-index=\"1\" data-style=\"{&quot;background_display&quot;:&quot;tile&quot;}\" ><div\n\t\t\t\n\t\t\tclass=\"so-widget-sow-image so-widget-sow-image-default-8b5b6f678277\"\n\t\t\t\n\t\t>\n<div class=\"sow-image-container\">\n\t\t<img loading=\"lazy\" decoding=\"async\" src=\"https:\/\/www.moscoso.cl\/wp-content\/uploads\/2017\/03\/DSC_0675-1.jpg\" width=\"4928\" height=\"3264\" srcset=\"https:\/\/www.moscoso.cl\/wp-content\/uploads\/2017\/03\/DSC_0675-1.jpg 4928w, https:\/\/www.moscoso.cl\/wp-content\/uploads\/2017\/03\/DSC_0675-1-300x199.jpg 300w, https:\/\/www.moscoso.cl\/wp-content\/uploads\/2017\/03\/DSC_0675-1-768x509.jpg 768w, https:\/\/www.moscoso.cl\/wp-content\/uploads\/2017\/03\/DSC_0675-1-1024x678.jpg 1024w\" sizes=\"(max-width: 4928px) 100vw, 4928px\" title=\"DSC_0675\" alt=\"\" \t\tclass=\"so-widget-image\"\/>\n\t<\/div>\n\n<\/div><\/div>\n<\/div>\n<\/div>\n<\/div>\n","protected":false},"excerpt":{"rendered":"<p>Contamos con una amplia experiencia, profesionales especializados y con avanzadas t\u00e9cnicas de auditor\u00eda, que nos permiten proporcionar un servicio de calidad para satisfacer las necesidades de nuestros clientes. Prestamos distintos servicios, entre los cuales se encuentran: Auditor\u00edas Estados Financieros. Auditoria Operacional. Due diligence. Auditor\u00edas de fraudes. Auditor\u00edas de asuntos previamente convenidos. Nuestro servicio profesional de&#8230;<\/p>\n","protected":false},"author":1997,"featured_media":0,"parent":0,"menu_order":0,"comment_status":"closed","ping_status":"closed","template":"","meta":{"footnotes":""},"_links":{"self":[{"href":"https:\/\/www.moscoso.cl\/index.php\/wp-json\/wp\/v2\/pages\/83"}],"collection":[{"href":"https:\/\/www.moscoso.cl\/index.php\/wp-json\/wp\/v2\/pages"}],"about":[{"href":"https:\/\/www.moscoso.cl\/index.php\/wp-json\/wp\/v2\/types\/page"}],"author":[{"embeddable":true,"href":"https:\/\/www.moscoso.cl\/index.php\/wp-json\/wp\/v2\/users\/1997"}],"replies":[{"embeddable":true,"href":"https:\/\/www.moscoso.cl\/index.php\/wp-json\/wp\/v2\/comments?post=83"}],"version-history":[{"count":8,"href":"https:\/\/www.moscoso.cl\/index.php\/wp-json\/wp\/v2\/pages\/83\/revisions"}],"predecessor-version":[{"id":265,"href":"https:\/\/www.moscoso.cl\/index.php\/wp-json\/wp\/v2\/pages\/83\/revisions\/265"}],"wp:attachment":[{"href":"https:\/\/www.moscoso.cl\/index.php\/wp-json\/wp\/v2\/media?parent=83"}],"curies":[{"name":"wp","href":"https:\/\/api.w.org\/{rel}","templated":true}]}}