{"id":85,"date":"2017-03-23T03:55:41","date_gmt":"2017-03-23T03:55:41","guid":{"rendered":"http:\/\/moscoso.desarrollamos.co\/?page_id=85"},"modified":"2017-04-27T16:36:08","modified_gmt":"2017-04-27T16:36:08","slug":"consultoria","status":"publish","type":"page","link":"https:\/\/www.moscoso.cl\/index.php\/consultoria\/","title":{"rendered":"<b>CONSULTOR\u00cdA<\/b>"},"content":{"rendered":"<div id=\"pl-85\"  class=\"panel-layout\" >\n<div id=\"pg-85-0\"  class=\"panel-grid panel-no-style\"  data-style=\"{&quot;background_display&quot;:&quot;tile&quot;,&quot;cell_alignment&quot;:&quot;flex-start&quot;}\" >\n<div id=\"pgc-85-0-0\"  class=\"panel-grid-cell\"  data-weight=\"1\" >\n<div id=\"panel-85-0-0-0\" class=\"so-panel widget widget_sow-image panel-first-child panel-last-child\" data-index=\"0\" data-style=\"{&quot;background_display&quot;:&quot;tile&quot;}\" ><div\n\t\t\t\n\t\t\tclass=\"so-widget-sow-image so-widget-sow-image-default-8b5b6f678277\"\n\t\t\t\n\t\t>\n<div class=\"sow-image-container\">\n\t\t<img loading=\"lazy\" decoding=\"async\" src=\"https:\/\/www.moscoso.cl\/wp-content\/uploads\/2017\/03\/business-planning.jpg\" width=\"1600\" height=\"638\" srcset=\"https:\/\/www.moscoso.cl\/wp-content\/uploads\/2017\/03\/business-planning.jpg 1600w, https:\/\/www.moscoso.cl\/wp-content\/uploads\/2017\/03\/business-planning-300x120.jpg 300w, https:\/\/www.moscoso.cl\/wp-content\/uploads\/2017\/03\/business-planning-768x306.jpg 768w, https:\/\/www.moscoso.cl\/wp-content\/uploads\/2017\/03\/business-planning-1024x408.jpg 1024w\" sizes=\"(max-width: 1600px) 100vw, 1600px\" alt=\"\" \t\tclass=\"so-widget-image\"\/>\n\t<\/div>\n\n<\/div><\/div>\n<\/div>\n<\/div>\n<div id=\"pg-85-1\"  class=\"panel-grid panel-no-style\"  data-style=\"{&quot;background_display&quot;:&quot;tile&quot;,&quot;cell_alignment&quot;:&quot;flex-start&quot;}\" >\n<div id=\"pgc-85-1-0\"  class=\"panel-grid-cell\"  data-weight=\"0.5\" >\n<div id=\"panel-85-1-0-0\" class=\"so-panel widget widget_sow-editor panel-first-child panel-last-child\" data-index=\"1\" data-style=\"{&quot;background_display&quot;:&quot;tile&quot;}\" >\n<div class=\"so-widget-sow-editor so-widget-sow-editor-base\">\n<div class=\"siteorigin-widget-tinymce textwidget\">\n<h1 style=\"text-align: center;\"><span style=\"color: #225084;\"><strong>AVAL\u00daO DE BIENES RA\u00cdCES<\/strong><\/span><\/h1>\n<p style=\"text-align: justify;\"><span style=\"font-size: 18px;\">Los contribuyentes tienen la posibilidad de reclamar por el aval\u00fao de su propiedad, en caso de considerar que existen errores en su determinaci\u00f3n.<\/span><\/p>\n<p style=\"text-align: justify;\"><span style=\"font-size: 18px;\">Nuestro servicio consiste en evaluar si el reclamo es viable seg\u00fan las disposiciones del C\u00f3digo Tributario. Las causales de reclamo son las siguientes:<\/span><\/p>\n<ul style=\"text-align: justify;\">\n<li>Errores en la determinaci\u00f3n de la superficie de los terrenos o construcciones.<\/li>\n<li>Aplicaci\u00f3n err\u00f3nea de las tablas de clasificaci\u00f3n de las construcciones y de los terrenos en la propiedad o en una parte de ella.<\/li>\n<li>Errores de trascripci\u00f3n, de copia o de c\u00e1lculo.<\/li>\n<li>De cumplir con alguna de las causales antes se\u00f1aladas, nuestros profesionales se encargan de realizar la Reconsideraci\u00f3n Administrativa y Reclamaci\u00f3n Subsidiaria al SII.<\/li>\n<li>Ingenier\u00eda Financiera.<\/li>\n<\/ul>\n<p style=\"text-align: justify;\"><span style=\"font-size: 18px;\">Nuestro servicio de ingenier\u00eda financiera est\u00e1 orientado a detectar y satisfacer las necesidades de las compa\u00f1\u00edas, relacionadas con el control de los flujos de fondos y su optimizaci\u00f3n. Para esto, es necesario analizar en el mercado las mejores oportunidades de consecuci\u00f3n de ellos, ya sea para cubrir faltantes o para nuevas inversiones. De esta manera podemos implementar diferentes tipos de presupuestos, como los operacionales, de caja, etc.<\/span><\/p>\n<p style=\"text-align: justify;\">\u00a0<\/p>\n<\/div>\n<\/div>\n<\/div>\n<\/div>\n<div id=\"pgc-85-1-1\"  class=\"panel-grid-cell\"  data-weight=\"0.5\" >\n<div id=\"panel-85-1-1-0\" class=\"so-panel widget widget_sow-editor panel-first-child panel-last-child\" data-index=\"2\" data-style=\"{&quot;background_display&quot;:&quot;tile&quot;}\" >\n<div class=\"so-widget-sow-editor so-widget-sow-editor-base\">\n<div class=\"siteorigin-widget-tinymce textwidget\">\n<h1 style=\"text-align: center;\"><span style=\"color: #225084;\"><strong>La divisi\u00f3n de ingenier\u00eda financiera comprende los servicios de:<\/strong><\/span><\/h1>\n<ul>\n<li style=\"text-align: justify;\">Reestructuraci\u00f3n financiera.<\/li>\n<li style=\"text-align: justify;\">Evaluaci\u00f3n de proyectos.<\/li>\n<li style=\"text-align: justify;\">Estructura y gesti\u00f3n presupuesto de caja.<\/li>\n<li style=\"text-align: justify;\">Exposici\u00f3n a riesgos de tipo de cambio y tasa de inter\u00e9s.<\/li>\n<li style=\"text-align: justify;\">Asesor\u00eda y tramitaci\u00f3n en el ingreso de capitales extranjeros.<\/li>\n<li style=\"text-align: justify;\">Asesor\u00eda y tramitaci\u00f3n en la inversi\u00f3n en pa\u00edses extranjeros.<\/li>\n<li style=\"text-align: justify;\">Asesor\u00eda a Inversores Extranjeros<\/li>\n<\/ul>\n<p style=\"text-align: justify;\">Debido a las condiciones y oportunidades del mercado actual, existen numerosas empresas extranjeras que desean invertir su capital en Chile. Nuestra empresa les ofrece asesor\u00eda para identificar las posibilidades de negocio y comprender la situaci\u00f3n tributaria a la que estar\u00edan afectos. A su vez realiza la creaci\u00f3n de sociedades, iniciaci\u00f3n de actividades, contrataci\u00f3n de personas, gesti\u00f3n contable, auditorias, asesor\u00eda legal y tributaria, entre otros.\u00a0<\/p>\n<hr \/>\n<h1 style=\"text-align: center;\"><span style=\"color: #225084;\"><strong>Desarrollo Organizacional<\/strong><\/span><\/h1>\n<p><span style=\"font-size: 18px;\">\u00c1rea destinada a desarrollar diferentes tipos de servicios orientados a la estructuraci\u00f3n y organizaci\u00f3n de las empresas, tales como:<\/span><\/p>\n<ul>\n<li>Detectar anomal\u00edas y redise\u00f1o de las estructuras organizativas de las empresas,<\/li>\n<li>Implementaci\u00f3n de manuales de organizaci\u00f3n y manuales administrativos.<\/li>\n<li>Evaluaci\u00f3n y dise\u00f1o de sistemas de informaci\u00f3n administrativo, contables y gerencial<\/li>\n<li>Dise\u00f1o sistema presupuestario: operacional, inversiones, caja<\/li>\n<li>Racionalizaci\u00f3n organizacional.<\/li>\n<\/ul>\n<\/div>\n<\/div>\n<\/div>\n<\/div>\n<\/div>\n<\/div>\n","protected":false},"excerpt":{"rendered":"<p>AVAL\u00daO DE BIENES RA\u00cdCES Los contribuyentes tienen la posibilidad de reclamar por el aval\u00fao de su propiedad, en caso de considerar que existen errores en su determinaci\u00f3n. Nuestro servicio consiste en evaluar si el reclamo es viable seg\u00fan las disposiciones del C\u00f3digo Tributario. Las causales de reclamo son las siguientes: Errores en la determinaci\u00f3n de&#8230;<\/p>\n","protected":false},"author":1997,"featured_media":0,"parent":0,"menu_order":0,"comment_status":"closed","ping_status":"closed","template":"","meta":{"footnotes":""},"_links":{"self":[{"href":"https:\/\/www.moscoso.cl\/index.php\/wp-json\/wp\/v2\/pages\/85"}],"collection":[{"href":"https:\/\/www.moscoso.cl\/index.php\/wp-json\/wp\/v2\/pages"}],"about":[{"href":"https:\/\/www.moscoso.cl\/index.php\/wp-json\/wp\/v2\/types\/page"}],"author":[{"embeddable":true,"href":"https:\/\/www.moscoso.cl\/index.php\/wp-json\/wp\/v2\/users\/1997"}],"replies":[{"embeddable":true,"href":"https:\/\/www.moscoso.cl\/index.php\/wp-json\/wp\/v2\/comments?post=85"}],"version-history":[{"count":15,"href":"https:\/\/www.moscoso.cl\/index.php\/wp-json\/wp\/v2\/pages\/85\/revisions"}],"predecessor-version":[{"id":275,"href":"https:\/\/www.moscoso.cl\/index.php\/wp-json\/wp\/v2\/pages\/85\/revisions\/275"}],"wp:attachment":[{"href":"https:\/\/www.moscoso.cl\/index.php\/wp-json\/wp\/v2\/media?parent=85"}],"curies":[{"name":"wp","href":"https:\/\/api.w.org\/{rel}","templated":true}]}}