{"id":89,"date":"2017-03-23T03:57:18","date_gmt":"2017-03-23T03:57:18","guid":{"rendered":"http:\/\/moscoso.desarrollamos.co\/?page_id=89"},"modified":"2017-04-27T16:43:45","modified_gmt":"2017-04-27T16:43:45","slug":"recursos-humanos","status":"publish","type":"page","link":"https:\/\/www.moscoso.cl\/index.php\/recursos-humanos\/","title":{"rendered":"<b>RECURSOS HUMANOS<\/b>"},"content":{"rendered":"<div id=\"pl-89\"  class=\"panel-layout\" >\n<div id=\"pg-89-0\"  class=\"panel-grid panel-no-style\"  data-style=\"{&quot;background_display&quot;:&quot;tile&quot;,&quot;cell_alignment&quot;:&quot;flex-start&quot;}\" >\n<div id=\"pgc-89-0-0\"  class=\"panel-grid-cell\"  data-weight=\"0.5\" >\n<div id=\"panel-89-0-0-0\" class=\"so-panel widget widget_sow-editor panel-first-child panel-last-child\" data-index=\"0\" data-style=\"{&quot;background_display&quot;:&quot;tile&quot;}\" >\n<div class=\"so-widget-sow-editor so-widget-sow-editor-base\">\n<div class=\"siteorigin-widget-tinymce textwidget\">\n<h1 style=\"text-align: center;\"><strong><span style=\"color: #225084;\">B\u00fasqueda y Selecci\u00f3n De Personal<\/span><\/strong><\/h1>\n<p style=\"text-align: justify;\">Nuestro servicio de selecci\u00f3n de personal, est\u00e1 centrado tanto en lo psicol\u00f3gico, como en las competencias y destrezas, lo que nos permite seleccionar a una persona que sea capaz de cumplir con las exigencias y ofrecer un alto nivel de desempe\u00f1o.<\/p>\n<p style=\"text-align: justify;\">El principal objetivo es encontrar a los candidatos id\u00f3neos, a trav\u00e9s de un proceso de b\u00fasqueda y selecci\u00f3n caracterizado por rigurosidad, alto nivel profesional y atenci\u00f3n personalizada, orientada a las necesidades del cliente.<\/p>\n<p style=\"text-align: justify;\"><strong><span style=\"color: #225084;\">Etapas<\/span><\/strong><br \/>\n 1. Definici\u00f3n perfil de cargo<br \/>\n 2. Reclutamiento<br \/>\n 3. Entrevistas Grupales<br \/>\n 4. Evaluaci\u00f3n Psicol\u00f3gica<br \/>\n 5. Comprobaci\u00f3n de Referencias<br \/>\n 6. Presentaci\u00f3n de Informes<br \/>\n 7. Presentaci\u00f3n de Candidatos y Asesor\u00eda en la contrataci\u00f3n<\/p>\n<p style=\"text-align: justify;\"><span style=\"color: #225084;\"><strong>Evaluaci\u00f3n Psicol\u00f3gica<\/strong><\/span><\/p>\n<p style=\"text-align: justify;\">Este servicio consiste en realizar una evaluaci\u00f3n t\u00e9cnica y de personalidad a los postulantes pre seleccionados por el cliente. Tambi\u00e9n se recomienda cuando la empresa desea tomar decisiones acerca de ascensos o promociones, respaldados por una opini\u00f3n profesional.<\/p>\n<\/div>\n<\/div>\n<\/div>\n<\/div>\n<div id=\"pgc-89-0-1\"  class=\"panel-grid-cell\"  data-weight=\"0.5\" >\n<div id=\"panel-89-0-1-0\" class=\"so-panel widget widget_sow-image panel-first-child panel-last-child\" data-index=\"1\" data-style=\"{&quot;background_display&quot;:&quot;tile&quot;}\" ><div\n\t\t\t\n\t\t\tclass=\"so-widget-sow-image so-widget-sow-image-default-8b5b6f678277\"\n\t\t\t\n\t\t>\n<div class=\"sow-image-container\">\n\t\t<img loading=\"lazy\" decoding=\"async\" src=\"https:\/\/www.moscoso.cl\/wp-content\/uploads\/2017\/03\/DSC_0681.jpg\" width=\"4928\" height=\"3264\" srcset=\"https:\/\/www.moscoso.cl\/wp-content\/uploads\/2017\/03\/DSC_0681.jpg 4928w, https:\/\/www.moscoso.cl\/wp-content\/uploads\/2017\/03\/DSC_0681-300x199.jpg 300w, https:\/\/www.moscoso.cl\/wp-content\/uploads\/2017\/03\/DSC_0681-768x509.jpg 768w, https:\/\/www.moscoso.cl\/wp-content\/uploads\/2017\/03\/DSC_0681-1024x678.jpg 1024w\" sizes=\"(max-width: 4928px) 100vw, 4928px\" alt=\"\" \t\tclass=\"so-widget-image\"\/>\n\t<\/div>\n\n<\/div><\/div>\n<\/div>\n<\/div>\n<\/div>\n","protected":false},"excerpt":{"rendered":"<p>B\u00fasqueda y Selecci\u00f3n De Personal Nuestro servicio de selecci\u00f3n de personal, est\u00e1 centrado tanto en lo psicol\u00f3gico, como en las competencias y destrezas, lo que nos permite seleccionar a una persona que sea capaz de cumplir con las exigencias y ofrecer un alto nivel de desempe\u00f1o. El principal objetivo es encontrar a los candidatos id\u00f3neos,&#8230;<\/p>\n","protected":false},"author":1997,"featured_media":0,"parent":0,"menu_order":0,"comment_status":"closed","ping_status":"closed","template":"","meta":{"footnotes":""},"_links":{"self":[{"href":"https:\/\/www.moscoso.cl\/index.php\/wp-json\/wp\/v2\/pages\/89"}],"collection":[{"href":"https:\/\/www.moscoso.cl\/index.php\/wp-json\/wp\/v2\/pages"}],"about":[{"href":"https:\/\/www.moscoso.cl\/index.php\/wp-json\/wp\/v2\/types\/page"}],"author":[{"embeddable":true,"href":"https:\/\/www.moscoso.cl\/index.php\/wp-json\/wp\/v2\/users\/1997"}],"replies":[{"embeddable":true,"href":"https:\/\/www.moscoso.cl\/index.php\/wp-json\/wp\/v2\/comments?post=89"}],"version-history":[{"count":9,"href":"https:\/\/www.moscoso.cl\/index.php\/wp-json\/wp\/v2\/pages\/89\/revisions"}],"predecessor-version":[{"id":284,"href":"https:\/\/www.moscoso.cl\/index.php\/wp-json\/wp\/v2\/pages\/89\/revisions\/284"}],"wp:attachment":[{"href":"https:\/\/www.moscoso.cl\/index.php\/wp-json\/wp\/v2\/media?parent=89"}],"curies":[{"name":"wp","href":"https:\/\/api.w.org\/{rel}","templated":true}]}}