{"id":93,"date":"2017-03-23T03:58:34","date_gmt":"2017-03-23T03:58:34","guid":{"rendered":"http:\/\/moscoso.desarrollamos.co\/?page_id=93"},"modified":"2017-04-27T16:45:20","modified_gmt":"2017-04-27T16:45:20","slug":"servicios-empresariales","status":"publish","type":"page","link":"https:\/\/www.moscoso.cl\/index.php\/servicios-empresariales\/","title":{"rendered":"<b>SERVICIOS EMPRESARIALES<\/b>"},"content":{"rendered":"<div id=\"pl-93\"  class=\"panel-layout\" >\n<div id=\"pg-93-0\"  class=\"panel-grid panel-no-style\"  data-style=\"{&quot;background_display&quot;:&quot;tile&quot;,&quot;cell_alignment&quot;:&quot;flex-start&quot;}\" >\n<div id=\"pgc-93-0-0\"  class=\"panel-grid-cell\"  data-weight=\"0.5\" >\n<div id=\"panel-93-0-0-0\" class=\"so-panel widget widget_sow-editor panel-first-child panel-last-child\" data-index=\"0\" data-style=\"{&quot;background_image_attachment&quot;:false,&quot;background_display&quot;:&quot;tile&quot;}\" >\n<div class=\"so-widget-sow-editor so-widget-sow-editor-base\">\n<div class=\"siteorigin-widget-tinymce textwidget\">\n<h1 style=\"text-align: center;\"><span style=\"color: #225084;\"><strong>REMUNERACIONES<\/strong><\/span><\/h1>\n<p style=\"text-align: justify;\">Nuestros profesionales se hacen cargo del proceso de remuneraciones de su empresa, lo que le permite a su equipo, concentrarse en los aspectos m\u00e1s importantes del negocio, sin perder tiempo ni recursos, en procesos que especialistas pueden desarrollar.<\/p>\n<p style=\"text-align: justify;\">Contamos con los programas adecuados para hacernos cargo del pago de las remuneraciones de acuerdo a los procedimientos de su empresa, asegur\u00e1ndole la confidencialidad de la informaci\u00f3n.<\/p>\n<p style=\"text-align: justify;\">En relaci\u00f3n a este proceso, contamos, entre otros, con los siguientes servicios:<\/p>\n<ul>\n<li style=\"text-align: justify;\">Realizar liquidaciones mensuales de remuneraciones del personal, junto con determinar el monto l\u00edquido a depositar.<\/li>\n<li style=\"text-align: justify;\">Realizar el pago del sueldo l\u00edquido, v\u00eda dep\u00f3sito o cheque.<\/li>\n<li style=\"text-align: justify;\">Preparar los certificados de remuneraciones para el SII.<\/li>\n<li style=\"text-align: justify;\">Realizar contratos de trabajo y finiquitos.<\/li>\n<li style=\"text-align: justify;\">Mantener archivos con los contratos de trabajo actualizados, los antecedentes de cargas familiares, contratos con AFP, Isapres, etc.<\/li>\n<li style=\"text-align: justify;\">Tramitar licencias m\u00e9dicas.<\/li>\n<li style=\"text-align: justify;\">Realizar proceso de Rol Privado.<\/li>\n<\/ul>\n<\/div>\n<\/div>\n<\/div>\n<\/div>\n<div id=\"pgc-93-0-1\"  class=\"panel-grid-cell\"  data-weight=\"0.5\" >\n<div id=\"panel-93-0-1-0\" class=\"so-panel widget widget_sow-image panel-first-child panel-last-child\" data-index=\"1\" data-style=\"{&quot;background_display&quot;:&quot;tile&quot;}\" ><div\n\t\t\t\n\t\t\tclass=\"so-widget-sow-image so-widget-sow-image-default-8b5b6f678277\"\n\t\t\t\n\t\t>\n<div class=\"sow-image-container\">\n\t\t<img loading=\"lazy\" decoding=\"async\" src=\"https:\/\/www.moscoso.cl\/wp-content\/uploads\/2017\/03\/moscoso.jpg\" width=\"4732\" height=\"3134\" srcset=\"https:\/\/www.moscoso.cl\/wp-content\/uploads\/2017\/03\/moscoso.jpg 4732w, https:\/\/www.moscoso.cl\/wp-content\/uploads\/2017\/03\/moscoso-300x199.jpg 300w, https:\/\/www.moscoso.cl\/wp-content\/uploads\/2017\/03\/moscoso-768x509.jpg 768w, https:\/\/www.moscoso.cl\/wp-content\/uploads\/2017\/03\/moscoso-1024x678.jpg 1024w\" sizes=\"(max-width: 4732px) 100vw, 4732px\" alt=\"\" \t\tclass=\"so-widget-image\"\/>\n\t<\/div>\n\n<\/div><\/div>\n<\/div>\n<\/div>\n<\/div>\n","protected":false},"excerpt":{"rendered":"<p>REMUNERACIONES Nuestros profesionales se hacen cargo del proceso de remuneraciones de su empresa, lo que le permite a su equipo, concentrarse en los aspectos m\u00e1s importantes del negocio, sin perder tiempo ni recursos, en procesos que especialistas pueden desarrollar. Contamos con los programas adecuados para hacernos cargo del pago de las remuneraciones de acuerdo a&#8230;<\/p>\n","protected":false},"author":1997,"featured_media":0,"parent":0,"menu_order":0,"comment_status":"closed","ping_status":"closed","template":"","meta":{"footnotes":""},"_links":{"self":[{"href":"https:\/\/www.moscoso.cl\/index.php\/wp-json\/wp\/v2\/pages\/93"}],"collection":[{"href":"https:\/\/www.moscoso.cl\/index.php\/wp-json\/wp\/v2\/pages"}],"about":[{"href":"https:\/\/www.moscoso.cl\/index.php\/wp-json\/wp\/v2\/types\/page"}],"author":[{"embeddable":true,"href":"https:\/\/www.moscoso.cl\/index.php\/wp-json\/wp\/v2\/users\/1997"}],"replies":[{"embeddable":true,"href":"https:\/\/www.moscoso.cl\/index.php\/wp-json\/wp\/v2\/comments?post=93"}],"version-history":[{"count":9,"href":"https:\/\/www.moscoso.cl\/index.php\/wp-json\/wp\/v2\/pages\/93\/revisions"}],"predecessor-version":[{"id":290,"href":"https:\/\/www.moscoso.cl\/index.php\/wp-json\/wp\/v2\/pages\/93\/revisions\/290"}],"wp:attachment":[{"href":"https:\/\/www.moscoso.cl\/index.php\/wp-json\/wp\/v2\/media?parent=93"}],"curies":[{"name":"wp","href":"https:\/\/api.w.org\/{rel}","templated":true}]}}